{"id":80,"date":"2026-01-20T12:57:57","date_gmt":"2026-01-20T11:57:57","guid":{"rendered":"https:\/\/sklep.zrosinska.pl\/?post_type=product&#038;p=80"},"modified":"2026-01-20T12:58:47","modified_gmt":"2026-01-20T11:58:47","slug":"dieta-hashimoto-swiadome-wsparcie-tarczycy-i-calego-organizmu","status":"publish","type":"product","link":"http:\/\/sklep.zrosinska.pl\/?product=dieta-hashimoto-swiadome-wsparcie-tarczycy-i-calego-organizmu","title":{"rendered":"Dieta Hashimoto &#8211; \u015bwiadome wsparcie tarczycy"},"content":{"rendered":"<p data-start=\"69\" data-end=\"447\"><strong data-start=\"69\" data-end=\"88\">Dieta Hashimoto<\/strong> to specjalistyczny jad\u0142ospis opracowany z my\u015bl\u0105 o osobach z chorob\u0105 Hashimoto, kt\u00f3re chc\u0105 wspiera\u0107 prac\u0119 tarczycy poprzez odpowiednio dobrane \u017cywienie. Opiera si\u0119 na aktualnej wiedzy z zakresu dietetyki i ma na celu ograniczenie czynnik\u00f3w nasilaj\u0105cych stan zapalny oraz dostarczenie sk\u0142adnik\u00f3w od\u017cywczych kluczowych dla prawid\u0142owego funkcjonowania organizmu.<\/p>\n<p data-start=\"449\" data-end=\"698\">Jad\u0142ospis bazuje na pe\u0142nowarto\u015bciowych, naturalnych produktach i uwzgl\u0119dnia zasady diety przeciwzapalnej. Przepisy s\u0105 proste, przejrzyste i mo\u017cliwe do zastosowania na co dzie\u0144 \u2013 bez skomplikowanych technik kulinarnych i trudno dost\u0119pnych sk\u0142adnik\u00f3w.<\/p>\n<h3 data-start=\"705\" data-end=\"737\">Co wyr\u00f3\u017cnia Diet\u0119 Hashimoto?<\/h3>\n<p data-start=\"739\" data-end=\"995\">\u2714\ufe0f Jad\u0142ospis dostosowany do potrzeb os\u00f3b z chorob\u0105 Hashimoto<br data-start=\"799\" data-end=\"802\" \/>\u2714\ufe0f Produkty wspieraj\u0105ce prac\u0119 tarczycy i gospodark\u0119 hormonaln\u0105<br data-start=\"864\" data-end=\"867\" \/>\u2714\ufe0f Dieta o charakterze przeciwzapalnym<br data-start=\"905\" data-end=\"908\" \/>\u2714\ufe0f Proste, domowe przepisy<br data-start=\"934\" data-end=\"937\" \/>\u2714\ufe0f Wsparcie samopoczucia, energii i komfortu trawiennego<\/p>\n<h3 data-start=\"1002\" data-end=\"1036\">Dla kogo jest Dieta Hashimoto?<\/h3>\n<ul data-start=\"1038\" data-end=\"1264\">\n<li data-start=\"1038\" data-end=\"1086\">\n<p data-start=\"1040\" data-end=\"1086\">dla os\u00f3b zmagaj\u0105cych si\u0119 z chorob\u0105 Hashimoto<\/p>\n<\/li>\n<li data-start=\"1087\" data-end=\"1126\">\n<p data-start=\"1089\" data-end=\"1126\">dla os\u00f3b z niedoczynno\u015bci\u0105 tarczycy<\/p>\n<\/li>\n<li data-start=\"1127\" data-end=\"1186\">\n<p data-start=\"1129\" data-end=\"1186\">dla tych, kt\u00f3rzy chc\u0105 \u015bwiadomie wspiera\u0107 leczenie diet\u0105<\/p>\n<\/li>\n<li data-start=\"1187\" data-end=\"1264\">\n<p data-start=\"1189\" data-end=\"1264\">dla os\u00f3b poszukuj\u0105cych bezpiecznych i sprawdzonych rozwi\u0105za\u0144 \u017cywieniowych<\/p>\n<\/li>\n<\/ul>\n<h3 data-start=\"1271\" data-end=\"1290\">Co otrzymujesz?<\/h3>\n<p data-start=\"1292\" data-end=\"1418\">\ud83d\udcd8 Jad\u0142ospis w formie elektronicznej (PDF)<br data-start=\"1334\" data-end=\"1337\" \/>\ud83d\uded2 Praktyczn\u0105 list\u0119 zakup\u00f3w<br data-start=\"1364\" data-end=\"1367\" \/>\u23f1\ufe0f Przejrzyste przepisy do codziennego stosowania<\/p>\n<p data-start=\"1425\" data-end=\"1642\" data-is-last-node=\"\" data-is-only-node=\"\"><strong data-start=\"1425\" data-end=\"1444\">Dieta Hashimoto<\/strong> to przemy\u015blane wsparcie \u017cywieniowe, kt\u00f3re pomaga wprowadzi\u0107 zdrowe nawyki i lepiej zadba\u0107 o organizm na co dzie\u0144. Idealna dla os\u00f3b, kt\u00f3re chc\u0105 mie\u0107 realny wp\u0142yw na swoje samopoczucie poprzez diet\u0119.<\/p>\n","protected":false},"excerpt":{"rendered":"<p data-start=\"50\" data-end=\"321\"><strong data-start=\"50\" data-end=\"69\">Dieta Hashimoto<\/strong> to specjalistyczny jad\u0142ospis oparty na zasadach diety przeciwzapalnej, stworzony z my\u015bl\u0105 o osobach z chorob\u0105 Hashimoto i niedoczynno\u015bci\u0105 tarczycy. Pomaga wspiera\u0107 prac\u0119 tarczycy, poprawi\u0107 samopoczucie i wprowadzi\u0107 zdrowe, bezpieczne nawyki \u017cywieniowe.<\/p>\n<p data-start=\"323\" data-end=\"423\">Przepisy s\u0105 proste, oparte na pe\u0142nowarto\u015bciowych produktach i dostosowane do codziennego stosowania.<\/p>\n<p data-start=\"425\" data-end=\"512\" data-is-last-node=\"\" data-is-only-node=\"\">\ud83d\udcd8 Jad\u0142ospis w formacie PDF<br data-start=\"452\" data-end=\"455\" \/>\ud83d\uded2 Lista zakup\u00f3w<br data-start=\"471\" data-end=\"474\" \/>\u23f1\ufe0f Przejrzyste przepisy na ka\u017cdy dzie\u0144<\/p>\n","protected":false},"featured_media":83,"comment_status":"open","ping_status":"closed","template":"","meta":[],"product_brand":[],"product_cat":[17],"product_tag":[],"class_list":{"0":"post-80","1":"product","2":"type-product","3":"status-publish","4":"has-post-thumbnail","6":"product_cat-dieta","8":"first","9":"instock","10":"taxable","11":"shipping-taxable","12":"purchasable","13":"product-type-variable"},"jetpack_sharing_enabled":true,"_links":{"self":[{"href":"http:\/\/sklep.zrosinska.pl\/index.php?rest_route=\/wp\/v2\/product\/80","targetHints":{"allow":["GET"]}}],"collection":[{"href":"http:\/\/sklep.zrosinska.pl\/index.php?rest_route=\/wp\/v2\/product"}],"about":[{"href":"http:\/\/sklep.zrosinska.pl\/index.php?rest_route=\/wp\/v2\/types\/product"}],"replies":[{"embeddable":true,"href":"http:\/\/sklep.zrosinska.pl\/index.php?rest_route=%2Fwp%2Fv2%2Fcomments&post=80"}],"wp:featuredmedia":[{"embeddable":true,"href":"http:\/\/sklep.zrosinska.pl\/index.php?rest_route=\/wp\/v2\/media\/83"}],"wp:attachment":[{"href":"http:\/\/sklep.zrosinska.pl\/index.php?rest_route=%2Fwp%2Fv2%2Fmedia&parent=80"}],"wp:term":[{"taxonomy":"product_brand","embeddable":true,"href":"http:\/\/sklep.zrosinska.pl\/index.php?rest_route=%2Fwp%2Fv2%2Fproduct_brand&post=80"},{"taxonomy":"product_cat","embeddable":true,"href":"http:\/\/sklep.zrosinska.pl\/index.php?rest_route=%2Fwp%2Fv2%2Fproduct_cat&post=80"},{"taxonomy":"product_tag","embeddable":true,"href":"http:\/\/sklep.zrosinska.pl\/index.php?rest_route=%2Fwp%2Fv2%2Fproduct_tag&post=80"}],"curies":[{"name":"wp","href":"https:\/\/api.w.org\/{rel}","templated":true}]}}